{"id":29132,"date":"2020-04-17T09:45:09","date_gmt":"2020-04-17T07:45:09","guid":{"rendered":"https:\/\/rothavocates.ch\/contacto-pt\/"},"modified":"2020-05-01T21:17:31","modified_gmt":"2020-05-01T19:17:31","slug":"contacto","status":"publish","type":"page","link":"https:\/\/rothavocates.ch\/pt-pt\/contacto\/","title":{"rendered":"Contacto"},"content":{"rendered":"<p>[vc_row themestek_bgcolor=&#8221;white&#8221; zindex=&#8221;2&#8243; css=&#8221;.vc_custom_1576816770594{margin-top: -200px !important;padding-top: 0px !important;padding-bottom: 0px !important;}&#8221; el_class=&#8221;themestek-box-effect-02&#8243;][vc_column width=&#8221;1\/3&#8243;]<div class=\"themestek-ihbox themestek-ihbox-style-4 themestek-ihbox-itype-none \">\n\t<div class=\"themestek-sbox-bgimage-layer themestek-bgimage-layer\"><\/div>\n\t<div class=\"themestek-ihbox-wrapper-bg-layer themestek-bg-layer\"><\/div>\n\t<div class=\"themestek-ihbox-inner\">\n\t\t<div class=\"themestek-ihbox-icon  themestek-icon-skincolor\">\n\t\t\t\t\t<\/div>\n\t\t<div class=\"themestek-ihbox-contents\">\n\t\t\t<div class=\"themestek-vc_general themestek-vc_cta3 themestek-cta3-only themestek-vc_cta3-style-classic themestek-vc_cta3-shape-rounded themestek-vc_cta3-align-left themestek-vc_cta3-color-transparent themestek-vc_cta3-icon-size-md themestek-vc_cta3-actions-no themestek-cta3-without-desc\"><div class=\"themestek-vc_cta3_content-container\"><div class=\"themestek-vc_cta3-content\"><div class=\"themestek-vc_cta3-content-header themestek-wrap\"><div class=\"themestek-vc_cta3-headers themestek-wrap-cell\"><h2 class=\"themestek-custom-heading \">Endere\u00e7o<\/h2>\n<\/div><\/div><\/div><\/div><\/div>\t\t\t<div class=\"themestek-cta3-content-wrapper\">Rue du G\u00e9n\u00e9ral-Dufour 22<br \/>\n1204 Gen\u00e8ve<\/p>\n<p><a href=\"https:\/\/goo.gl\/maps\/QhrJxS2DzbSrUf5x8\" target=\"_blank\">Ver em Google Maps<\/a><\/div>\t\t\t\t\t<\/div><!-- .themestek-ihbox-contents -->\n\t<\/div>\n<\/div>\n[\/vc_column][vc_column themestek_textcolor=&#8221;white&#8221; themestek_bgcolor=&#8221;skincolor&#8221; width=&#8221;1\/3&#8243;]<div class=\"themestek-ihbox themestek-ihbox-style-4 themestek-ihbox-itype-none \">\n\t<div class=\"themestek-sbox-bgimage-layer themestek-bgimage-layer\"><\/div>\n\t<div class=\"themestek-ihbox-wrapper-bg-layer themestek-bg-layer\"><\/div>\n\t<div class=\"themestek-ihbox-inner\">\n\t\t<div class=\"themestek-ihbox-icon  themestek-icon-skincolor\">\n\t\t\t\t\t<\/div>\n\t\t<div class=\"themestek-ihbox-contents\">\n\t\t\t<div class=\"themestek-vc_general themestek-vc_cta3 themestek-cta3-only themestek-vc_cta3-style-classic themestek-vc_cta3-shape-rounded themestek-vc_cta3-align-left themestek-vc_cta3-color-transparent themestek-vc_cta3-icon-size-md themestek-vc_cta3-actions-no themestek-cta3-without-desc\"><div class=\"themestek-vc_cta3_content-container\"><div class=\"themestek-vc_cta3-content\"><div class=\"themestek-vc_cta3-content-header themestek-wrap\"><div class=\"themestek-vc_cta3-headers themestek-wrap-cell\"><h2 class=\"themestek-custom-heading \">Telefone<\/h2>\n<\/div><\/div><\/div><\/div><\/div>\t\t\t<div class=\"themestek-cta3-content-wrapper\">Encontramo-nos \u00e0 sua disposi\u00e7\u00e3o para qualquer pergunta.<\/p>\n<p><a href=\"tel:022%20543%2024%2003\">022 543 24 03<\/a><\/div>\t\t\t\t\t<\/div><!-- .themestek-ihbox-contents -->\n\t<\/div>\n<\/div>\n[\/vc_column][vc_column width=&#8221;1\/3&#8243;]<div class=\"themestek-ihbox themestek-ihbox-style-4 themestek-ihbox-itype-none \">\n\t<div class=\"themestek-sbox-bgimage-layer themestek-bgimage-layer\"><\/div>\n\t<div class=\"themestek-ihbox-wrapper-bg-layer themestek-bg-layer\"><\/div>\n\t<div class=\"themestek-ihbox-inner\">\n\t\t<div class=\"themestek-ihbox-icon  themestek-icon-skincolor\">\n\t\t\t\t\t<\/div>\n\t\t<div class=\"themestek-ihbox-contents\">\n\t\t\t<div class=\"themestek-vc_general themestek-vc_cta3 themestek-cta3-only themestek-vc_cta3-style-classic themestek-vc_cta3-shape-rounded themestek-vc_cta3-align-left themestek-vc_cta3-color-transparent themestek-vc_cta3-icon-size-md themestek-vc_cta3-actions-no themestek-cta3-without-desc\"><div class=\"themestek-vc_cta3_content-container\"><div class=\"themestek-vc_cta3-content\"><div class=\"themestek-vc_cta3-content-header themestek-wrap\"><div class=\"themestek-vc_cta3-headers themestek-wrap-cell\"><h2 class=\"themestek-custom-heading \">Correio electr\u00f3nico<\/h2>\n<\/div><\/div><\/div><\/div><\/div>\t\t\t<div class=\"themestek-cta3-content-wrapper\">N\u00e3o hesite em escrever-nos. Responderemos em 48 horas, no m\u00e1ximo.<\/p>\n<p><a href=\"mailto:info@rothavocates.ch\">info@rothavocates.ch<\/a><\/div>\t\t\t\t\t<\/div><!-- .themestek-ihbox-contents -->\n\t<\/div>\n<\/div>\n[\/vc_column][\/vc_row][vc_row full_width=&#8221;stretch_row&#8221; equal_height=&#8221;yes&#8221; css=&#8221;.vc_custom_1560419729890{padding-top: 0px !important;padding-bottom: 0px !important;}&#8221;][vc_column themestek_col_bg_expand=&#8221;left&#8221; width=&#8221;1\/2&#8243; css=&#8221;.vc_custom_1560420855607{padding-top: 70px !important;padding-right: 50px !important;padding-bottom: 30px !important;}&#8221;]<div class=\"themestek-element-heading-wrapper themestek-heading-inner themestek-element-align-left themestek-seperator-none \"><section class=\"themestek-vc_cta3-container\"><div class=\"themestek-vc_general themestek-vc_cta3 themestek-cta3-only themestek-vc_cta3-style-classic themestek-vc_cta3-shape-rounded themestek-vc_cta3-align-left themestek-vc_cta3-color-transparent themestek-vc_cta3-icon-size-md themestek-vc_cta3-actions-no themestek-cta3-without-desc\"><div class=\"themestek-vc_cta3_content-container\"><div class=\"themestek-vc_cta3-content\"><div class=\"themestek-vc_cta3-content-header themestek-wrap\"><div class=\"themestek-vc_cta3-headers themestek-wrap-cell\"><h4 class=\"themestek-custom-heading \" >MANTER O CONTACTO<\/h4>\n<h2 class=\"themestek-custom-heading \" >Informa\u00e7\u00f5es de contacto<\/h2>\n<\/div><\/div><\/div><\/div><\/div><\/section><\/div> <!-- .themestek-element-heading-wrapper container --> [vc_column_text]Se est\u00e1 interessado em trabalhar connosco, n\u00e3o hesite em contactar-nos. Teremos todo o gosto em ler o que tem para nos dizer.[\/vc_column_text]<h5 style=\"text-align:left;font-size:18px;line-height:20px;\" class=\"themestek-custom-heading \" >Hor\u00e1rios<\/h5>\n[vc_column_text]De segunda a sexta-feira: 8h00 &#8211; 18h00<br \/>\nS\u00e1bado: 8h00 &#8211; 12h00[\/vc_column_text]<h5 style=\"text-align:left;font-size:18px;line-height:20px;\" class=\"themestek-custom-heading \" >Contacte-nos<\/h5>\n[vc_column_text]022 543 24 03<\/p>\n<div id=\"gtx-trans\" style=\"position: absolute; left: 69px; top: 38px;\">\n<div class=\"gtx-trans-icon\"><\/div>\n<\/div>\n<p>[\/vc_column_text][\/vc_column][vc_column themestek_bgcolor=&#8221;grey&#8221; themestek_col_bg_expand=&#8221;right&#8221; width=&#8221;1\/2&#8243; css=&#8221;.vc_custom_1560491517891{margin-top: -60px !important;padding-top: 130px !important;padding-left: 60px !important;}&#8221; themestek_responsive_css=&#8221;33195356|colbreak_no|||||||||colbreak_no|||||30|30||30|colbreak_no|0|||||25||25||colbreak_no|||||||||&#8221;]<div class=\"themestek-element-heading-wrapper themestek-heading-inner themestek-element-align-left themestek-seperator-none \"><section class=\"themestek-vc_cta3-container\"><div class=\"themestek-vc_general themestek-vc_cta3 themestek-cta3-only themestek-vc_cta3-style-classic themestek-vc_cta3-shape-rounded themestek-vc_cta3-align-left themestek-vc_cta3-color-transparent themestek-vc_cta3-icon-size-md themestek-vc_cta3-actions-no themestek-cta3-without-desc\"><div class=\"themestek-vc_cta3_content-container\"><div class=\"themestek-vc_cta3-content\"><div class=\"themestek-vc_cta3-content-header themestek-wrap\"><div class=\"themestek-vc_cta3-headers themestek-wrap-cell\"><h4 class=\"themestek-custom-heading \" >Preencha o formul\u00e1rio abaixo<\/h4>\n<h2 class=\"themestek-custom-heading \" >Tem Alguma Pergunta?<\/h2>\n<\/div><\/div><\/div><\/div><\/div><\/section><\/div> <!-- .themestek-element-heading-wrapper container --> <div role=\"form\" class=\"wpcf7\" id=\"wpcf7-f29178-o1\" lang=\"en-US\" dir=\"ltr\">\n<div class=\"screen-reader-response\"><p role=\"status\" aria-live=\"polite\" aria-atomic=\"true\"><\/p> <ul><\/ul><\/div>\n<form action=\"\/pt-pt\/wp-json\/wp\/v2\/pages\/29132#wpcf7-f29178-o1\" method=\"post\" class=\"wpcf7-form init\" novalidate=\"novalidate\" data-status=\"init\">\n<div style=\"display: none;\">\n<input type=\"hidden\" name=\"_wpcf7\" value=\"29178\" \/>\n<input type=\"hidden\" name=\"_wpcf7_version\" value=\"5.3.2\" \/>\n<input type=\"hidden\" name=\"_wpcf7_locale\" value=\"en_US\" \/>\n<input type=\"hidden\" name=\"_wpcf7_unit_tag\" value=\"wpcf7-f29178-o1\" \/>\n<input type=\"hidden\" name=\"_wpcf7_container_post\" value=\"0\" \/>\n<input type=\"hidden\" name=\"_wpcf7_posted_data_hash\" value=\"\" \/>\n<input type=\"hidden\" name=\"_wpcf7_recaptcha_response\" value=\"\" \/>\n<\/div>\n<div class=\"main-form\">\n<div class=\"row\">\n<div class=\"col-md-6\">\n<div class=\"input-group\"><span class=\"wpcf7-form-control-wrap your-name\"><input type=\"text\" name=\"your-name\" value=\"\" size=\"40\" class=\"wpcf7-form-control wpcf7-text\" aria-invalid=\"false\" placeholder=\"Nome \/ Apelido\" \/><\/span><\/div><\/div>\n<div class=\"col-md-6\">\n<div class=\"input-group\"><span class=\"wpcf7-form-control-wrap your-email\"><input type=\"email\" name=\"your-email\" value=\"\" size=\"40\" class=\"wpcf7-form-control wpcf7-text wpcf7-email wpcf7-validates-as-email\" aria-invalid=\"false\" placeholder=\"Correio electr\u00f3nico\" \/><\/span><\/div><\/div>\n<div class=\"col-md-6\">\n<div class=\"input-group\"><span class=\"wpcf7-form-control-wrap phone\"><input type=\"tel\" name=\"phone\" value=\"\" size=\"40\" class=\"wpcf7-form-control wpcf7-text wpcf7-tel wpcf7-validates-as-tel\" aria-invalid=\"false\" placeholder=\"Telefone\" \/><\/span><\/div><\/div>\n<div class=\"col-md-6\">\n<div class=\"input-group\"><span class=\"wpcf7-form-control-wrap sujet\"><input type=\"text\" name=\"sujet\" value=\"\" size=\"40\" class=\"wpcf7-form-control wpcf7-text\" aria-invalid=\"false\" placeholder=\"Assunto\" \/><\/span><\/div><\/div>\n<div class=\"col-md-12\">\n<div class=\"input-group input-button\"><span class=\"wpcf7-form-control-wrap message\"><textarea name=\"message\" cols=\"40\" rows=\"4\" class=\"wpcf7-form-control wpcf7-textarea\" aria-invalid=\"false\" placeholder=\"Mensagem\"><\/textarea><\/span><\/div><\/div>\n<div class=\"col-md-6\">\n<div class=\"input-group input-button\"><input type=\"submit\" value=\"ENVIAR\" class=\"wpcf7-form-control wpcf7-submit btn-block\" \/>\n                  <\/div><\/div><\/div>\n<\/div>\n<div class=\"wpcf7-response-output\" aria-hidden=\"true\"><\/div><\/form><\/div>[\/vc_column][\/vc_row][vc_row full_width=&#8221;stretch_row_content_no_spaces&#8221; css=&#8221;.vc_custom_1561785412276{padding-top: 0px !important;padding-bottom: 0px !important;}&#8221;][vc_column][vc_column_text]<iframe style=\"border: 0;\" src=\"https:\/\/www.google.com\/maps\/embed?pb=!1m18!1m12!1m3!1d2761.5197315139762!2d6.140146915582299!3d46.20011507911654!2m3!1f0!2f0!3f0!3m2!1i1024!2i768!4f13.1!3m3!1m2!1s0x478c652a57fe8115%3A0xaf4cfe8c48bab976!2sRue%20du%20G%C3%A9n%C3%A9ral-Dufour%2022%2C%201204%20Gen%C3%A8ve!5e0!3m2!1sen!2sch!4v1584101802005!5m2!1sen!2sch\" width=\"1920\" height=\"450\" frameborder=\"0\" allowfullscreen=\"allowfullscreen\"><\/iframe>[\/vc_column_text][\/vc_column][\/vc_row]<\/p>\n","protected":false},"excerpt":{"rendered":"<p>[vc_row themestek_bgcolor=&#8221;white&#8221; zindex=&#8221;2&#8243; css=&#8221;.vc_custom_1576816770594{margin-top: -200px !important;padding-top: 0px !important;padding-bottom: 0px !important;}&#8221; el_class=&#8221;themestek-box-effect-02&#8243;][vc_column width=&#8221;1\/3&#8243;][\/vc_column][vc_column themestek_textcolor=&#8221;white&#8221; themestek_bgcolor=&#8221;skincolor&#8221; width=&#8221;1\/3&#8243;][\/vc_column][vc_column width=&#8221;1\/3&#8243;][\/vc_column][\/vc_row][vc_row full_width=&#8221;stretch_row&#8221; equal_height=&#8221;yes&#8221; css=&#8221;.vc_custom_1560419729890{padding-top: 0px !important;padding-bottom: 0px !important;}&#8221;][vc_column themestek_col_bg_expand=&#8221;left&#8221; width=&#8221;1\/2&#8243; css=&#8221;.vc_custom_1560420855607{padding-top: 70px !important;padding-right: 50px !important;padding-bottom: 30px !important;}&#8221;][vc_column_text]Se est\u00e1 interessado em trabalhar connosco, n\u00e3o hesite em contactar-nos. Teremos todo o gosto em ler o que tem para nos dizer.[\/vc_column_text][vc_column_text]De segunda a &hellip; <a href=\"https:\/\/rothavocates.ch\/pt-pt\/contacto\/\" class=\"more-link\">Continue reading <span class=\"screen-reader-text\">Contacto<\/span><\/a><\/p>\n","protected":false},"author":1,"featured_media":0,"parent":0,"menu_order":18,"comment_status":"closed","ping_status":"closed","template":"","meta":{"_et_pb_use_builder":"","_et_pb_old_content":"","_et_gb_content_width":""},"yoast_head":"<!-- This site is optimized with the Yoast SEO plugin v15.7 - https:\/\/yoast.com\/wordpress\/plugins\/seo\/ -->\n<title>Contacto | ROTH AVOCAT\u00b7E\u00b7S<\/title>\n<meta name=\"robots\" content=\"index, follow, max-snippet:-1, max-image-preview:large, max-video-preview:-1\" \/>\n<link rel=\"canonical\" href=\"https:\/\/rothavocates.ch\/pt-pt\/contacto\/\" \/>\n<meta property=\"og:locale\" content=\"pt_PT\" \/>\n<meta property=\"og:type\" content=\"article\" \/>\n<meta property=\"og:title\" content=\"Contacto | ROTH AVOCAT\u00b7E\u00b7S\" \/>\n<meta property=\"og:description\" content=\"[vc_row themestek_bgcolor=&#8221;white&#8221; zindex=&#8221;2&#8243; css=&#8221;.vc_custom_1576816770594{margin-top: -200px !important;padding-top: 0px !important;padding-bottom: 0px !important;}&#8221; el_class=&#8221;themestek-box-effect-02&#8243;][vc_column width=&#8221;1\/3&#8243;][\/vc_column][vc_column themestek_textcolor=&#8221;white&#8221; themestek_bgcolor=&#8221;skincolor&#8221; width=&#8221;1\/3&#8243;][\/vc_column][vc_column width=&#8221;1\/3&#8243;][\/vc_column][\/vc_row][vc_row full_width=&#8221;stretch_row&#8221; equal_height=&#8221;yes&#8221; css=&#8221;.vc_custom_1560419729890{padding-top: 0px !important;padding-bottom: 0px !important;}&#8221;][vc_column themestek_col_bg_expand=&#8221;left&#8221; width=&#8221;1\/2&#8243; css=&#8221;.vc_custom_1560420855607{padding-top: 70px !important;padding-right: 50px !important;padding-bottom: 30px !important;}&#8221;][vc_column_text]Se est\u00e1 interessado em trabalhar connosco, n\u00e3o hesite em contactar-nos. Teremos todo o gosto em ler o que tem para nos dizer.[\/vc_column_text][vc_column_text]De segunda a &hellip; Continue reading Contacto\" \/>\n<meta property=\"og:url\" content=\"https:\/\/rothavocates.ch\/pt-pt\/contacto\/\" \/>\n<meta property=\"og:site_name\" content=\"ROTH AVOCAT\u00b7E\u00b7S\" \/>\n<meta property=\"article:modified_time\" content=\"2020-05-01T19:17:31+00:00\" \/>\n<meta property=\"og:image\" content=\"https:\/\/rothavocates.ch\/wp-content\/uploads\/2020\/04\/rothavocates-fb.jpeg\" \/>\n\t<meta property=\"og:image:width\" content=\"1024\" \/>\n\t<meta property=\"og:image:height\" content=\"639\" \/>\n<meta name=\"twitter:card\" content=\"summary_large_image\" \/>\n<meta name=\"twitter:label1\" content=\"Est. reading time\">\n\t<meta name=\"twitter:data1\" content=\"2 minutos\">\n<script type=\"application\/ld+json\" class=\"yoast-schema-graph\">{\"@context\":\"https:\/\/schema.org\",\"@graph\":[{\"@type\":\"Organization\",\"@id\":\"https:\/\/rothavocates.ch\/#organization\",\"name\":\"ROTH AVOCAT\\u00b7E\\u00b7S\",\"url\":\"https:\/\/rothavocates.ch\/\",\"sameAs\":[\"https:\/\/www.linkedin.com\/company\/rothavocates\"],\"logo\":{\"@type\":\"ImageObject\",\"@id\":\"https:\/\/rothavocates.ch\/#logo\",\"inLanguage\":\"pt-PT\",\"url\":\"https:\/\/rothavocates.ch\/wp-content\/uploads\/2020\/04\/rothavocates-logo-black.png\",\"width\":494,\"height\":113,\"caption\":\"ROTH AVOCAT\\u00b7E\\u00b7S\"},\"image\":{\"@id\":\"https:\/\/rothavocates.ch\/#logo\"}},{\"@type\":\"WebSite\",\"@id\":\"https:\/\/rothavocates.ch\/#website\",\"url\":\"https:\/\/rothavocates.ch\/\",\"name\":\"ROTH AVOCAT\\u00b7E\\u00b7S\",\"description\":\"\",\"publisher\":{\"@id\":\"https:\/\/rothavocates.ch\/#organization\"},\"potentialAction\":[{\"@type\":\"SearchAction\",\"target\":\"https:\/\/rothavocates.ch\/?s={search_term_string}\",\"query-input\":\"required name=search_term_string\"}],\"inLanguage\":\"pt-PT\"},{\"@type\":\"WebPage\",\"@id\":\"https:\/\/rothavocates.ch\/pt-pt\/contacto\/#webpage\",\"url\":\"https:\/\/rothavocates.ch\/pt-pt\/contacto\/\",\"name\":\"Contacto | ROTH AVOCAT\\u00b7E\\u00b7S\",\"isPartOf\":{\"@id\":\"https:\/\/rothavocates.ch\/#website\"},\"datePublished\":\"2020-04-17T07:45:09+00:00\",\"dateModified\":\"2020-05-01T19:17:31+00:00\",\"inLanguage\":\"pt-PT\",\"potentialAction\":[{\"@type\":\"ReadAction\",\"target\":[\"https:\/\/rothavocates.ch\/pt-pt\/contacto\/\"]}]}]}<\/script>\n<!-- \/ Yoast SEO plugin. -->","_links":{"self":[{"href":"https:\/\/rothavocates.ch\/pt-pt\/wp-json\/wp\/v2\/pages\/29132"}],"collection":[{"href":"https:\/\/rothavocates.ch\/pt-pt\/wp-json\/wp\/v2\/pages"}],"about":[{"href":"https:\/\/rothavocates.ch\/pt-pt\/wp-json\/wp\/v2\/types\/page"}],"author":[{"embeddable":true,"href":"https:\/\/rothavocates.ch\/pt-pt\/wp-json\/wp\/v2\/users\/1"}],"replies":[{"embeddable":true,"href":"https:\/\/rothavocates.ch\/pt-pt\/wp-json\/wp\/v2\/comments?post=29132"}],"version-history":[{"count":20,"href":"https:\/\/rothavocates.ch\/pt-pt\/wp-json\/wp\/v2\/pages\/29132\/revisions"}],"predecessor-version":[{"id":29242,"href":"https:\/\/rothavocates.ch\/pt-pt\/wp-json\/wp\/v2\/pages\/29132\/revisions\/29242"}],"wp:attachment":[{"href":"https:\/\/rothavocates.ch\/pt-pt\/wp-json\/wp\/v2\/media?parent=29132"}],"curies":[{"name":"wp","href":"https:\/\/api.w.org\/{rel}","templated":true}]}}